{"id":1235,"date":"2025-03-20T22:27:08","date_gmt":"2025-03-20T22:27:08","guid":{"rendered":"https:\/\/bylaforla.org\/news\/"},"modified":"2025-10-24T21:53:08","modified_gmt":"2025-10-24T21:53:08","slug":"noticias","status":"publish","type":"page","link":"https:\/\/bylaforla.org\/es\/noticias\/","title":{"rendered":"Noticias"},"content":{"rendered":"\t\t<div data-elementor-type=\"wp-page\" data-elementor-id=\"1235\" class=\"elementor elementor-1235 elementor-175\">\n\t\t\t\t<div class=\"elementor-element elementor-element-63f0640 e-flex e-con-boxed e-con e-parent\" data-id=\"63f0640\" data-element_type=\"container\" data-settings=\"{&quot;background_background&quot;:&quot;classic&quot;,&quot;jet_parallax_layout_list&quot;:[]}\">\n\t\t\t\t\t<div class=\"e-con-inner\">\n\t\t<div class=\"elementor-element elementor-element-79628ff e-con-full e-flex e-con e-child\" data-id=\"79628ff\" data-element_type=\"container\" data-settings=\"{&quot;jet_parallax_layout_list&quot;:[]}\">\n\t\t\t\t<div class=\"elementor-element elementor-element-2129287 animated-fast elementor-invisible elementor-widget elementor-widget-heading\" data-id=\"2129287\" data-element_type=\"widget\" data-settings=\"{&quot;_animation&quot;:&quot;fadeInLeft&quot;}\" data-widget_type=\"heading.default\">\n\t\t\t\t<div class=\"elementor-widget-container\">\n\t\t\t\t\t<h1 class=\"elementor-heading-title elementor-size-default\">Personas positivas.<br>Impacto positivo.<br>Noticias positivas.<\/h1>\t\t\t\t<\/div>\n\t\t\t\t<\/div>\n\t\t\t\t<div class=\"elementor-element elementor-element-9c6f338 elementor-invisible elementor-widget elementor-widget-heading\" data-id=\"9c6f338\" data-element_type=\"widget\" data-settings=\"{&quot;_animation&quot;:&quot;fadeIn&quot;,&quot;_animation_delay&quot;:200}\" data-widget_type=\"heading.default\">\n\t\t\t\t<div class=\"elementor-widget-container\">\n\t\t\t\t\t<h2 class=\"elementor-heading-title elementor-size-default\">Conozca c\u00f3mo By LA For LA contin\u00faa expandi\u00e9ndose y aumentando su alcance.<\/h2>\t\t\t\t<\/div>\n\t\t\t\t<\/div>\n\t\t\t\t<\/div>\n\t\t\t\t\t<\/div>\n\t\t\t\t<\/div>\n\t\t<div class=\"elementor-element elementor-element-da1675c e-con-full e-flex e-con e-parent\" data-id=\"da1675c\" data-element_type=\"container\" data-settings=\"{&quot;background_background&quot;:&quot;classic&quot;,&quot;jet_parallax_layout_list&quot;:[]}\">\n\t\t<div class=\"elementor-element elementor-element-0a00b4b e-flex e-con-boxed e-con e-child\" data-id=\"0a00b4b\" data-element_type=\"container\" data-settings=\"{&quot;jet_parallax_layout_list&quot;:[]}\">\n\t\t\t\t\t<div class=\"e-con-inner\">\n\t\t\t\t<div class=\"elementor-element elementor-element-6d71306 raven-advaned-posts-equal-height-yes elementor-widget elementor-widget-raven-advanced-posts\" data-id=\"6d71306\" data-element_type=\"widget\" data-settings=\"{&quot;load_effect&quot;:&quot;fade-in&quot;,&quot;pagination_type&quot;:&quot;infinite_load&quot;,&quot;general_layout&quot;:&quot;grid&quot;,&quot;columns&quot;:&quot;3&quot;,&quot;columns_tablet&quot;:&quot;2&quot;,&quot;columns_mobile&quot;:&quot;1&quot;,&quot;query_posts_per_page&quot;:6,&quot;query_offset&quot;:0}\" data-widget_type=\"raven-advanced-posts.default\">\n\t\t\t\t<div class=\"elementor-widget-container\">\n\t\t\t\t\t\t\t<div class=\"raven-posts raven-posts-grid\">\n\t\t\t\t\t\t<div class=\"advanced-posts-content content-layout-under-image raven-grid raven-grid-3 raven-grid-mobile-1 raven-grid-tablet-2  \" data-post-id=\"1235\" data-archive-query=\"\">\n\t\t\t\t<div class=\"raven-posts-item raven-grid-item  \"><div class=\"raven-post-wrapper raven-posts-load-effect raven-post-effect-fade-in\"><div class=\"raven-post  \"><div class=\"raven-post-image-wrap\"><a class=\"raven-post-image raven-image-fit\" href=\"https:\/\/bylaforla.org\/es\/programa-en-los-angeles-ofrece-incentivos-para-la-lucha-contra-el-uso-de-drogas\/\"> <img fetchpriority=\"high\" decoding=\"async\" width=\"1200\" height=\"630\" src=\"https:\/\/bylaforla.org\/wp-content\/uploads\/2025\/10\/noticias-programa-en-los-angeles-ofrece-incentivos-para-lucha-contra-drogas.webp\" class=\"attachment-full size-full wp-image-1485\" alt=\"Programa en los \u00c1ngeles ofrece incentivos para la lucha contra el uso de drogas\" srcset=\"https:\/\/bylaforla.org\/wp-content\/uploads\/2025\/10\/noticias-programa-en-los-angeles-ofrece-incentivos-para-lucha-contra-drogas.webp 1200w, https:\/\/bylaforla.org\/wp-content\/uploads\/2025\/10\/noticias-programa-en-los-angeles-ofrece-incentivos-para-lucha-contra-drogas-300x158.webp 300w, https:\/\/bylaforla.org\/wp-content\/uploads\/2025\/10\/noticias-programa-en-los-angeles-ofrece-incentivos-para-lucha-contra-drogas-1024x538.webp 1024w, https:\/\/bylaforla.org\/wp-content\/uploads\/2025\/10\/noticias-programa-en-los-angeles-ofrece-incentivos-para-lucha-contra-drogas-768x403.webp 768w\" sizes=\"(max-width: 1200px) 100vw, 1200px\" \/><span class=\"raven-post-image-overlay\"><\/span><\/a><\/div><div class=\"raven-post-content-container\"><div class=\"raven-post-content\"><div class=\"raven-post-meta\"><a class=\"raven-post-meta-item raven-post-date\" href=\"https:\/\/bylaforla.org\/es\/2025\/07\/\" rel=\"bookmark\">julio 30, 2025<\/a><\/div><h2 class=\"raven-post-title\"><a class=\"raven-post-title-link\" href=\"https:\/\/bylaforla.org\/es\/programa-en-los-angeles-ofrece-incentivos-para-la-lucha-contra-el-uso-de-drogas\/\">Programa en los \u00c1ngeles ofrece incentivos para la lucha contra el uso de drogas<\/a><\/h2><div class=\"raven-post-read-more\"><a class=\"raven-post-button\" href=\"https:\/\/bylaforla.org\/es\/programa-en-los-angeles-ofrece-incentivos-para-la-lucha-contra-el-uso-de-drogas\/\"><span class=\"raven-post-button-text\">Ver m\u00e1s<\/span><\/a><\/div><\/div><\/div><\/div><\/div><\/div><div class=\"raven-posts-item raven-grid-item  \"><div class=\"raven-post-wrapper raven-posts-load-effect raven-post-effect-fade-in\"><div class=\"raven-post  \"><div class=\"raven-post-image-wrap\"><a class=\"raven-post-image raven-image-fit\" href=\"https:\/\/bylaforla.org\/es\/programa-de-ayuda-para-las-personas-que-luchan-contra-la-adiccion-a-las-drogas\/\"> <img decoding=\"async\" width=\"1200\" height=\"630\" src=\"https:\/\/bylaforla.org\/wp-content\/uploads\/2025\/06\/noticias-programa-de-ayuda-lucha-contra-las-drogas.webp\" class=\"attachment-full size-full wp-image-1482\" alt=\"Programa de ayuda para las personas que luchan contra la adicci\u00f3n a las drogas\" srcset=\"https:\/\/bylaforla.org\/wp-content\/uploads\/2025\/06\/noticias-programa-de-ayuda-lucha-contra-las-drogas.webp 1200w, https:\/\/bylaforla.org\/wp-content\/uploads\/2025\/06\/noticias-programa-de-ayuda-lucha-contra-las-drogas-300x158.webp 300w, https:\/\/bylaforla.org\/wp-content\/uploads\/2025\/06\/noticias-programa-de-ayuda-lucha-contra-las-drogas-1024x538.webp 1024w, https:\/\/bylaforla.org\/wp-content\/uploads\/2025\/06\/noticias-programa-de-ayuda-lucha-contra-las-drogas-768x403.webp 768w\" sizes=\"(max-width: 1200px) 100vw, 1200px\" \/><span class=\"raven-post-image-overlay\"><\/span><\/a><\/div><div class=\"raven-post-content-container\"><div class=\"raven-post-content\"><div class=\"raven-post-meta\"><a class=\"raven-post-meta-item raven-post-date\" href=\"https:\/\/bylaforla.org\/es\/2025\/06\/\" rel=\"bookmark\">junio 27, 2025<\/a><\/div><h2 class=\"raven-post-title\"><a class=\"raven-post-title-link\" href=\"https:\/\/bylaforla.org\/es\/programa-de-ayuda-para-las-personas-que-luchan-contra-la-adiccion-a-las-drogas\/\">Programa de ayuda para las personas que luchan contra la adicci\u00f3n a las drogas<\/a><\/h2><div class=\"raven-post-read-more\"><a class=\"raven-post-button\" href=\"https:\/\/bylaforla.org\/es\/programa-de-ayuda-para-las-personas-que-luchan-contra-la-adiccion-a-las-drogas\/\"><span class=\"raven-post-button-text\">Ver m\u00e1s<\/span><\/a><\/div><\/div><\/div><\/div><\/div><\/div><div class=\"raven-posts-item raven-grid-item  \"><div class=\"raven-post-wrapper raven-posts-load-effect raven-post-effect-fade-in\"><div class=\"raven-post  \"><div class=\"raven-post-image-wrap\"><a class=\"raven-post-image raven-image-fit\" href=\"https:\/\/bylaforla.org\/es\/el-programa-de-capacitacion-de-werc-esta-dando-forma-al-futuro-del-trabajo-de-reduccion-de-danos\/\"> <img decoding=\"async\" width=\"1200\" height=\"630\" src=\"https:\/\/bylaforla.org\/wp-content\/uploads\/2025\/04\/news-bg-06.webp\" class=\"attachment-full size-full wp-image-1218\" alt=\"Una graduada del Programa del Centro de Educaci\u00f3n y Recursos para Trabajadores muestra con orgullo su certificado.\" srcset=\"https:\/\/bylaforla.org\/wp-content\/uploads\/2025\/04\/news-bg-06.webp 1200w, https:\/\/bylaforla.org\/wp-content\/uploads\/2025\/04\/news-bg-06-300x158.webp 300w, https:\/\/bylaforla.org\/wp-content\/uploads\/2025\/04\/news-bg-06-1024x538.webp 1024w, https:\/\/bylaforla.org\/wp-content\/uploads\/2025\/04\/news-bg-06-768x403.webp 768w\" sizes=\"(max-width: 1200px) 100vw, 1200px\" \/><span class=\"raven-post-image-overlay\"><\/span><\/a><\/div><div class=\"raven-post-content-container\"><div class=\"raven-post-content\"><div class=\"raven-post-meta\"><a class=\"raven-post-meta-item raven-post-date\" href=\"https:\/\/bylaforla.org\/es\/2025\/04\/\" rel=\"bookmark\">abril 8, 2025<\/a><\/div><h2 class=\"raven-post-title\"><a class=\"raven-post-title-link\" href=\"https:\/\/bylaforla.org\/es\/el-programa-de-capacitacion-de-werc-esta-dando-forma-al-futuro-del-trabajo-de-reduccion-de-danos\/\">El programa de capacitaci\u00f3n de WERC est\u00e1 dando forma al futuro del trabajo de Reducci\u00f3n de Da\u00f1os.<\/a><\/h2><div class=\"raven-post-read-more\"><a class=\"raven-post-button\" href=\"https:\/\/bylaforla.org\/es\/el-programa-de-capacitacion-de-werc-esta-dando-forma-al-futuro-del-trabajo-de-reduccion-de-danos\/\"><span class=\"raven-post-button-text\">Ver m\u00e1s<\/span><\/a><\/div><\/div><\/div><\/div><\/div><\/div><div class=\"raven-posts-item raven-grid-item  \"><div class=\"raven-post-wrapper raven-posts-load-effect raven-post-effect-fade-in\"><div class=\"raven-post  \"><div class=\"raven-post-image-wrap\"><a class=\"raven-post-image raven-image-fit\" href=\"https:\/\/bylaforla.org\/es\/los-recien-graduados-encuentran-un-proposito-en-ayudar-a-los-demas\/\"> <img loading=\"lazy\" decoding=\"async\" width=\"1200\" height=\"630\" src=\"https:\/\/bylaforla.org\/wp-content\/uploads\/2025\/03\/news-bg-01.webp\" class=\"attachment-full size-full wp-image-1187\" alt=\"Una graduada del Programa del Centro de Educaci\u00f3n y Recursos para Trabajadores sonr\u00ede al recibir su certificado.\" srcset=\"https:\/\/bylaforla.org\/wp-content\/uploads\/2025\/03\/news-bg-01.webp 1200w, https:\/\/bylaforla.org\/wp-content\/uploads\/2025\/03\/news-bg-01-300x158.webp 300w, https:\/\/bylaforla.org\/wp-content\/uploads\/2025\/03\/news-bg-01-1024x538.webp 1024w, https:\/\/bylaforla.org\/wp-content\/uploads\/2025\/03\/news-bg-01-768x403.webp 768w\" sizes=\"(max-width: 1200px) 100vw, 1200px\" \/><span class=\"raven-post-image-overlay\"><\/span><\/a><\/div><div class=\"raven-post-content-container\"><div class=\"raven-post-content\"><div class=\"raven-post-meta\"><a class=\"raven-post-meta-item raven-post-date\" href=\"https:\/\/bylaforla.org\/es\/2025\/03\/\" rel=\"bookmark\">marzo 21, 2025<\/a><\/div><h2 class=\"raven-post-title\"><a class=\"raven-post-title-link\" href=\"https:\/\/bylaforla.org\/es\/los-recien-graduados-encuentran-un-proposito-en-ayudar-a-los-demas\/\">Los reci\u00e9n graduados encuentran un prop\u00f3sito en ayudar a los dem\u00e1s.<\/a><\/h2><div class=\"raven-post-read-more\"><a class=\"raven-post-button\" href=\"https:\/\/bylaforla.org\/es\/los-recien-graduados-encuentran-un-proposito-en-ayudar-a-los-demas\/\"><span class=\"raven-post-button-text\">Ver m\u00e1s<\/span><\/a><\/div><\/div><\/div><\/div><\/div><\/div><div class=\"raven-posts-item raven-grid-item  \"><div class=\"raven-post-wrapper raven-posts-load-effect raven-post-effect-fade-in\"><div class=\"raven-post  \"><div class=\"raven-post-image-wrap\"><a class=\"raven-post-image raven-image-fit\" href=\"https:\/\/bylaforla.org\/es\/los-riesgos-de-sobredosis-aumentan-durante-los-desastres\/\"> <img loading=\"lazy\" decoding=\"async\" width=\"1200\" height=\"630\" src=\"https:\/\/bylaforla.org\/wp-content\/uploads\/2025\/04\/news-bg-02.webp\" class=\"attachment-full size-full wp-image-1188\" alt=\"Un presentador de noticias en un estudio de televisi\u00f3n con un fondo de fotos de los incendios en Los \u00c1ngeles en 2025.\" srcset=\"https:\/\/bylaforla.org\/wp-content\/uploads\/2025\/04\/news-bg-02.webp 1200w, https:\/\/bylaforla.org\/wp-content\/uploads\/2025\/04\/news-bg-02-300x158.webp 300w, https:\/\/bylaforla.org\/wp-content\/uploads\/2025\/04\/news-bg-02-1024x538.webp 1024w, https:\/\/bylaforla.org\/wp-content\/uploads\/2025\/04\/news-bg-02-768x403.webp 768w\" sizes=\"(max-width: 1200px) 100vw, 1200px\" \/><span class=\"raven-post-image-overlay\"><\/span><\/a><\/div><div class=\"raven-post-content-container\"><div class=\"raven-post-content\"><div class=\"raven-post-meta\"><a class=\"raven-post-meta-item raven-post-date\" href=\"https:\/\/bylaforla.org\/es\/2025\/02\/\" rel=\"bookmark\">febrero 12, 2025<\/a><\/div><h2 class=\"raven-post-title\"><a class=\"raven-post-title-link\" href=\"https:\/\/bylaforla.org\/es\/los-riesgos-de-sobredosis-aumentan-durante-los-desastres\/\">Los riesgos de sobredosis aumentan durante los desastres.<\/a><\/h2><div class=\"raven-post-read-more\"><a class=\"raven-post-button\" href=\"https:\/\/bylaforla.org\/es\/los-riesgos-de-sobredosis-aumentan-durante-los-desastres\/\"><span class=\"raven-post-button-text\">Ver m\u00e1s<\/span><\/a><\/div><\/div><\/div><\/div><\/div><\/div><div class=\"raven-posts-item raven-grid-item  \"><div class=\"raven-post-wrapper raven-posts-load-effect raven-post-effect-fade-in\"><div class=\"raven-post  \"><div class=\"raven-post-image-wrap\"><a class=\"raven-post-image raven-image-fit\" href=\"https:\/\/bylaforla.org\/es\/cambiando-vidas-el-viaje-de-una-mujer-desde-estar-al-limite-hasta-ayudar-a-otros\/\"> <img loading=\"lazy\" decoding=\"async\" width=\"1200\" height=\"630\" src=\"https:\/\/bylaforla.org\/wp-content\/uploads\/2025\/04\/news-bg-03.webp\" class=\"attachment-full size-full wp-image-1189\" alt=\"Una mujer entrevistada como parte de un video sobre su trayectoria y c\u00f3mo lleg\u00f3 a ser trabajadora de Reducci\u00f3n de Da\u00f1os.\" srcset=\"https:\/\/bylaforla.org\/wp-content\/uploads\/2025\/04\/news-bg-03.webp 1200w, https:\/\/bylaforla.org\/wp-content\/uploads\/2025\/04\/news-bg-03-300x158.webp 300w, https:\/\/bylaforla.org\/wp-content\/uploads\/2025\/04\/news-bg-03-1024x538.webp 1024w, https:\/\/bylaforla.org\/wp-content\/uploads\/2025\/04\/news-bg-03-768x403.webp 768w\" sizes=\"(max-width: 1200px) 100vw, 1200px\" \/><span class=\"raven-post-image-overlay\"><\/span><\/a><\/div><div class=\"raven-post-content-container\"><div class=\"raven-post-content\"><div class=\"raven-post-meta\"><a class=\"raven-post-meta-item raven-post-date\" href=\"https:\/\/bylaforla.org\/es\/2024\/12\/\" rel=\"bookmark\">diciembre 30, 2024<\/a><\/div><h2 class=\"raven-post-title\"><a class=\"raven-post-title-link\" href=\"https:\/\/bylaforla.org\/es\/cambiando-vidas-el-viaje-de-una-mujer-desde-estar-al-limite-hasta-ayudar-a-otros\/\">Cambiando vidas: el viaje de una mujer desde estar al l\u00edmite hasta ayudar a otros.<\/a><\/h2><div class=\"raven-post-read-more\"><a class=\"raven-post-button\" href=\"https:\/\/bylaforla.org\/es\/cambiando-vidas-el-viaje-de-una-mujer-desde-estar-al-limite-hasta-ayudar-a-otros\/\"><span class=\"raven-post-button-text\">Ver m\u00e1s<\/span><\/a><\/div><\/div><\/div><\/div><\/div><\/div>\t\t\t<\/div>\n\t\t\t<span class=\"raven-infinite-load\"><\/span>\t\t<\/div>\n\t\t\t\t\t\t<\/div>\n\t\t\t\t<\/div>\n\t\t\t\t\t<\/div>\n\t\t\t\t<\/div>\n\t\t\t\t<\/div>\n\t\t\t\t<\/div>\n\t\t","protected":false},"excerpt":{"rendered":"<p>Personas positivas.Impacto positivo.Noticias positivas. Conozca c\u00f3mo By LA For LA contin\u00faa expandi\u00e9ndose y aumentando su alcance. julio 30, 2025 Programa en los \u00c1ngeles ofrece incentivos para la lucha contra el uso de drogas Ver m\u00e1s junio 27, 2025 Programa de ayuda para las personas que luchan contra la adicci\u00f3n a las drogas Ver m\u00e1s abril [&hellip;]<\/p>\n","protected":false},"author":1,"featured_media":1229,"parent":0,"menu_order":0,"comment_status":"closed","ping_status":"closed","template":"elementor_header_footer","meta":{"_acf_changed":false,"footnotes":""},"class_list":["post-1235","page","type-page","status-publish","has-post-thumbnail","hentry"],"acf":[],"yoast_head":"<!-- This site is optimized with the Yoast SEO plugin v26.2 - https:\/\/yoast.com\/wordpress\/plugins\/seo\/ -->\n<title>Noticias - By LA for LA<\/title>\n<meta name=\"description\" content=\"Las \u00faltimas noticias de By LA For LA y c\u00f3mo contin\u00faa creciendo para crear comunidades segurasy resilientes.\" \/>\n<meta name=\"robots\" content=\"index, follow, max-snippet:-1, max-image-preview:large, max-video-preview:-1\" \/>\n<link rel=\"canonical\" href=\"https:\/\/bylaforla.org\/es\/noticias\/\" \/>\n<meta property=\"og:locale\" content=\"es_ES\" \/>\n<meta property=\"og:type\" content=\"article\" \/>\n<meta property=\"og:title\" content=\"Noticias - By LA for LA\" \/>\n<meta property=\"og:description\" content=\"Las \u00faltimas noticias de By LA For LA y c\u00f3mo contin\u00faa creciendo para crear comunidades segurasy resilientes.\" \/>\n<meta property=\"og:url\" content=\"https:\/\/bylaforla.org\/es\/noticias\/\" \/>\n<meta property=\"og:site_name\" content=\"By LA for LA\" \/>\n<meta property=\"article:modified_time\" content=\"2025-10-24T21:53:08+00:00\" \/>\n<meta property=\"og:image\" content=\"https:\/\/bylaforla.org\/wp-content\/uploads\/2025\/05\/og-news.jpg\" \/>\n\t<meta property=\"og:image:width\" content=\"1200\" \/>\n\t<meta property=\"og:image:height\" content=\"639\" \/>\n\t<meta property=\"og:image:type\" content=\"image\/jpeg\" \/>\n<meta name=\"twitter:card\" content=\"summary_large_image\" \/>\n<meta name=\"twitter:label1\" content=\"Tiempo de lectura\" \/>\n\t<meta name=\"twitter:data1\" content=\"2 minutos\" \/>\n<script type=\"application\/ld+json\" class=\"yoast-schema-graph\">{\"@context\":\"https:\/\/schema.org\",\"@graph\":[{\"@type\":\"WebPage\",\"@id\":\"https:\/\/bylaforla.org\/es\/noticias\/\",\"url\":\"https:\/\/bylaforla.org\/es\/noticias\/\",\"name\":\"Noticias - By LA for LA\",\"isPartOf\":{\"@id\":\"https:\/\/bylaforla.org\/es\/#website\"},\"primaryImageOfPage\":{\"@id\":\"https:\/\/bylaforla.org\/es\/noticias\/#primaryimage\"},\"image\":{\"@id\":\"https:\/\/bylaforla.org\/es\/noticias\/#primaryimage\"},\"thumbnailUrl\":\"https:\/\/bylaforla.org\/wp-content\/uploads\/2025\/05\/og-news.jpg\",\"datePublished\":\"2025-03-20T22:27:08+00:00\",\"dateModified\":\"2025-10-24T21:53:08+00:00\",\"description\":\"Las \u00faltimas noticias de By LA For LA y c\u00f3mo contin\u00faa creciendo para crear comunidades segurasy resilientes.\",\"breadcrumb\":{\"@id\":\"https:\/\/bylaforla.org\/es\/noticias\/#breadcrumb\"},\"inLanguage\":\"es\",\"potentialAction\":[{\"@type\":\"ReadAction\",\"target\":[\"https:\/\/bylaforla.org\/es\/noticias\/\"]}]},{\"@type\":\"ImageObject\",\"inLanguage\":\"es\",\"@id\":\"https:\/\/bylaforla.org\/es\/noticias\/#primaryimage\",\"url\":\"https:\/\/bylaforla.org\/wp-content\/uploads\/2025\/05\/og-news.jpg\",\"contentUrl\":\"https:\/\/bylaforla.org\/wp-content\/uploads\/2025\/05\/og-news.jpg\",\"width\":1200,\"height\":639},{\"@type\":\"BreadcrumbList\",\"@id\":\"https:\/\/bylaforla.org\/es\/noticias\/#breadcrumb\",\"itemListElement\":[{\"@type\":\"ListItem\",\"position\":1,\"name\":\"Home\",\"item\":\"https:\/\/bylaforla.org\/es\/\"},{\"@type\":\"ListItem\",\"position\":2,\"name\":\"Noticias\"}]},{\"@type\":\"WebSite\",\"@id\":\"https:\/\/bylaforla.org\/es\/#website\",\"url\":\"https:\/\/bylaforla.org\/es\/\",\"name\":\"By LA for LA\",\"description\":\"\",\"publisher\":{\"@id\":\"https:\/\/bylaforla.org\/es\/#organization\"},\"potentialAction\":[{\"@type\":\"SearchAction\",\"target\":{\"@type\":\"EntryPoint\",\"urlTemplate\":\"https:\/\/bylaforla.org\/es\/?s={search_term_string}\"},\"query-input\":{\"@type\":\"PropertyValueSpecification\",\"valueRequired\":true,\"valueName\":\"search_term_string\"}}],\"inLanguage\":\"es\"},{\"@type\":\"Organization\",\"@id\":\"https:\/\/bylaforla.org\/es\/#organization\",\"name\":\"By LA for LA\",\"url\":\"https:\/\/bylaforla.org\/es\/\",\"logo\":{\"@type\":\"ImageObject\",\"inLanguage\":\"es\",\"@id\":\"https:\/\/bylaforla.org\/es\/#\/schema\/logo\/image\/\",\"url\":\"https:\/\/bylaforla.org\/wp-content\/uploads\/2025\/03\/logo-white.svg\",\"contentUrl\":\"https:\/\/bylaforla.org\/wp-content\/uploads\/2025\/03\/logo-white.svg\",\"width\":70,\"height\":110,\"caption\":\"By LA for LA\"},\"image\":{\"@id\":\"https:\/\/bylaforla.org\/es\/#\/schema\/logo\/image\/\"}}]}<\/script>\n<!-- \/ Yoast SEO plugin. -->","yoast_head_json":{"title":"Noticias - By LA for LA","description":"Las \u00faltimas noticias de By LA For LA y c\u00f3mo contin\u00faa creciendo para crear comunidades segurasy resilientes.","robots":{"index":"index","follow":"follow","max-snippet":"max-snippet:-1","max-image-preview":"max-image-preview:large","max-video-preview":"max-video-preview:-1"},"canonical":"https:\/\/bylaforla.org\/es\/noticias\/","og_locale":"es_ES","og_type":"article","og_title":"Noticias - By LA for LA","og_description":"Las \u00faltimas noticias de By LA For LA y c\u00f3mo contin\u00faa creciendo para crear comunidades segurasy resilientes.","og_url":"https:\/\/bylaforla.org\/es\/noticias\/","og_site_name":"By LA for LA","article_modified_time":"2025-10-24T21:53:08+00:00","og_image":[{"width":1200,"height":639,"url":"https:\/\/bylaforla.org\/wp-content\/uploads\/2025\/05\/og-news.jpg","type":"image\/jpeg"}],"twitter_card":"summary_large_image","twitter_misc":{"Tiempo de lectura":"2 minutos"},"schema":{"@context":"https:\/\/schema.org","@graph":[{"@type":"WebPage","@id":"https:\/\/bylaforla.org\/es\/noticias\/","url":"https:\/\/bylaforla.org\/es\/noticias\/","name":"Noticias - By LA for LA","isPartOf":{"@id":"https:\/\/bylaforla.org\/es\/#website"},"primaryImageOfPage":{"@id":"https:\/\/bylaforla.org\/es\/noticias\/#primaryimage"},"image":{"@id":"https:\/\/bylaforla.org\/es\/noticias\/#primaryimage"},"thumbnailUrl":"https:\/\/bylaforla.org\/wp-content\/uploads\/2025\/05\/og-news.jpg","datePublished":"2025-03-20T22:27:08+00:00","dateModified":"2025-10-24T21:53:08+00:00","description":"Las \u00faltimas noticias de By LA For LA y c\u00f3mo contin\u00faa creciendo para crear comunidades segurasy resilientes.","breadcrumb":{"@id":"https:\/\/bylaforla.org\/es\/noticias\/#breadcrumb"},"inLanguage":"es","potentialAction":[{"@type":"ReadAction","target":["https:\/\/bylaforla.org\/es\/noticias\/"]}]},{"@type":"ImageObject","inLanguage":"es","@id":"https:\/\/bylaforla.org\/es\/noticias\/#primaryimage","url":"https:\/\/bylaforla.org\/wp-content\/uploads\/2025\/05\/og-news.jpg","contentUrl":"https:\/\/bylaforla.org\/wp-content\/uploads\/2025\/05\/og-news.jpg","width":1200,"height":639},{"@type":"BreadcrumbList","@id":"https:\/\/bylaforla.org\/es\/noticias\/#breadcrumb","itemListElement":[{"@type":"ListItem","position":1,"name":"Home","item":"https:\/\/bylaforla.org\/es\/"},{"@type":"ListItem","position":2,"name":"Noticias"}]},{"@type":"WebSite","@id":"https:\/\/bylaforla.org\/es\/#website","url":"https:\/\/bylaforla.org\/es\/","name":"By LA for LA","description":"","publisher":{"@id":"https:\/\/bylaforla.org\/es\/#organization"},"potentialAction":[{"@type":"SearchAction","target":{"@type":"EntryPoint","urlTemplate":"https:\/\/bylaforla.org\/es\/?s={search_term_string}"},"query-input":{"@type":"PropertyValueSpecification","valueRequired":true,"valueName":"search_term_string"}}],"inLanguage":"es"},{"@type":"Organization","@id":"https:\/\/bylaforla.org\/es\/#organization","name":"By LA for LA","url":"https:\/\/bylaforla.org\/es\/","logo":{"@type":"ImageObject","inLanguage":"es","@id":"https:\/\/bylaforla.org\/es\/#\/schema\/logo\/image\/","url":"https:\/\/bylaforla.org\/wp-content\/uploads\/2025\/03\/logo-white.svg","contentUrl":"https:\/\/bylaforla.org\/wp-content\/uploads\/2025\/03\/logo-white.svg","width":70,"height":110,"caption":"By LA for LA"},"image":{"@id":"https:\/\/bylaforla.org\/es\/#\/schema\/logo\/image\/"}}]}},"_links":{"self":[{"href":"https:\/\/bylaforla.org\/es\/wp-json\/wp\/v2\/pages\/1235","targetHints":{"allow":["GET"]}}],"collection":[{"href":"https:\/\/bylaforla.org\/es\/wp-json\/wp\/v2\/pages"}],"about":[{"href":"https:\/\/bylaforla.org\/es\/wp-json\/wp\/v2\/types\/page"}],"author":[{"embeddable":true,"href":"https:\/\/bylaforla.org\/es\/wp-json\/wp\/v2\/users\/1"}],"replies":[{"embeddable":true,"href":"https:\/\/bylaforla.org\/es\/wp-json\/wp\/v2\/comments?post=1235"}],"version-history":[{"count":0,"href":"https:\/\/bylaforla.org\/es\/wp-json\/wp\/v2\/pages\/1235\/revisions"}],"wp:featuredmedia":[{"embeddable":true,"href":"https:\/\/bylaforla.org\/es\/wp-json\/wp\/v2\/media\/1229"}],"wp:attachment":[{"href":"https:\/\/bylaforla.org\/es\/wp-json\/wp\/v2\/media?parent=1235"}],"curies":[{"name":"wp","href":"https:\/\/api.w.org\/{rel}","templated":true}]}}